{"id":256,"date":"2018-07-15T17:42:58","date_gmt":"2018-07-15T17:42:58","guid":{"rendered":"http:\/\/meblemedyczne.com.pl\/?page_id=256"},"modified":"2018-07-15T17:44:35","modified_gmt":"2018-07-15T17:44:35","slug":"polityka-prywatnosci","status":"publish","type":"page","link":"https:\/\/meblemedyczne.com.pl\/?page_id=256","title":{"rendered":"Polityka prywatno\u015bci"},"content":{"rendered":"<h2><\/h2>\n<h1>Polityka prywatno\u015bci \u2013 meblemedyczne.com.pl<\/h1>\n<p><span style=\"display: inline !important; float: none; background-color: transparent; color: #404040; font-family: 'Droid Serif',sans-serif; font-size: 22px; font-style: normal; font-variant: normal; font-weight: bold; letter-spacing: normal; orphans: 2; text-align: left; text-decoration: none; text-indent: 0px; text-transform: none; -webkit-text-stroke-width: 0px; white-space: normal; word-spacing: 0px;\">Kim jeste\u015bmy<\/span><\/p>\n<p>Adres naszej strony internetowej to: http:\/\/meblemedyczne.com.pl.<\/p>\n<p align=\"justify\">\nI. Informacje og\u00f3lne<br \/>\n1. Niniejsza Polityka prywatno\u015bci zosta\u0142a przygotowana w celu poinformowania Pa\u0144stwa jako U\u017cytkownik\u00f3w Serwisu o zasadach przetwarzania i bezpiecze\u0144stwa przekazanych przez Pa\u0144stwa danych osobowych oraz tre\u015bci (w tym plik\u00f3w \u201ecookies\u201d) w zwi\u0105zku z korzystani\/em z naszego Serwisu.<br \/>\n2. Dzia\u0142aj\u0105c jako Carolco Investments Sp. Z O.O. z siedzib\u0105 ul. H. Sienkiewicza 85\/87\/8 90-057 \u0141\u00f3d\u017a jeste\u015bmy administratorem i operatorem Serwisu oraz administratorem Pa\u0144stwa danych osobowych. Kontakt z nami mo\u017cliwy jest za po\u015brednictwem poczty mailowej: meblemedyczne@carolco.pl<\/p>\n<h2><strong>Jakie dane osobiste zbieramy i dlaczego je zbieramy<\/strong><\/h2>\n<p>II. Przetwarzanie danych osobowych\n<\/p>\n<p align=\"justify\">1. Przetwarzanie przez nas danych osobowych odbywa si\u0119 zgodnie z obowi\u0105zuj\u0105cymi przepisami prawnymi o ochronie danych osobowych. Stosujemy si\u0119 r\u00f3wnie\u017c do wymog\u00f3w Rozporz\u0105dzenia Parlamentu Europejskiego i Rady (UE) 2016\/679 z dnia 27 kwietnia 2016 r. w sprawie ochrony os\u00f3b fizycznych w zwi\u0105zku z przetwarzaniem danych osobowych i w sprawie swobodnego przep\u0142ywu takich danych oraz uchylenia dyrektywy 95\/46\/WE (Dz. Urz. UE L Nr 119 z 2016 r.; \u201eRODO\u201d).<br \/>\n2. Dane osobowe zbieramy za po\u015brednictwem:<br \/>\na) formularza kontaktowego \u2013 w celu umo\u017cliwienia nam kontaktu z Pa\u0144stwem drog\u0105 elektroniczn\u0105, jak r\u00f3wnie\u017c telefonicznie. Dane te, przetwarzamy na podstawie art. 6 ust. 1 lit. f RODO do czasu czytelnego dla nas zamkni\u0119cia rozm\u00f3w z Pa\u0144stwem, nie d\u0142u\u017cej jednak ni\u017c do czasu zrealizowania celu przetwarzania.<br \/>\nb) zapisu do subskrypcji Newslettera \u2013 w celu przesy\u0142ania Pa\u0144stwu Newslettera na podanych adres e-mail. Dane te, przetwarzamy na podstawie art. 6 ust. 1 lit. a RODO przez okres Pa\u0144stwa zainteresowania tre\u015bciami przesy\u0142anymi za pomoc\u0105 Newslettera, tj. do czasu wycofania zgody, nie d\u0142u\u017cej jednak ni\u017c do czasu zrealizowania celu przetwarzania.<br \/>\nc) zam\u00f3wienia produkt\u00f3w (us\u0142ug) dost\u0119pnych w ofercie Serwisu \u2013 w celu realizacji i rozliczenia zam\u00f3wionych produkt\u00f3w (us\u0142ug), a tak\u017ce w celu realizacji obowi\u0105zk\u00f3w prawnych na Nas na\u0142o\u017conych oraz dla zabezpieczenia roszcze\u0144 i obrony przed roszczeniami.<br \/>\nd) Platformy \u2013 w celu zapewniania Pa\u0144stwu korzystania z opcji Platformy oraz zapewnienia us\u0142ug doradczych w zwi\u0105zku z jej wykorzystaniem, a tak\u017ce w celu realizacji obowi\u0105zk\u00f3w prawnych na Nas na\u0142o\u017conych oraz dla zabezpieczenia roszcze\u0144 i obrony przed roszczeniami. Dane zbierane w spos\u00f3b, o kt\u00f3rym mowa w pkt c i d przetwarzamy w pierwszej kolejno\u015bci na podstawie art. 6 ust. 1 lit. b RODO przez okres realizacji umowy, a nast\u0119pnie na podstawie art. 6 ust. 1 lit. c i f RODO, tj. przez okres niezb\u0119dny do wype\u0142nienia obowi\u0105zk\u00f3w prawnych na\u0142o\u017conych na Nas i przez czas niezb\u0119dny do zabezpieczenia roszcze\u0144 i obrony przed roszczeniami.<br \/>\ne) innych form przekazania nam danych, na kt\u00f3re U\u017cytkownik wyrazi\u0142 zgod\u0119, zgodnie z celem przekazania tych danych. Dane te, przetwarzamy na podstawie art. 6 ust. 1 lit. a RODO &#8211; do czasu wycofania zgody, jednak nie d\u0142u\u017cej ni\u017c przez okres niezb\u0119dny do realizacji celu przetwarzania.<br \/>\n3. Zbieramy od Pa\u0144stwa wy\u0142\u0105cznie takie dane, dzi\u0119ki kt\u00f3rym mo\u017cliwa b\u0119dzie realizacja celu przetwarzania. Prosimy m.in. o podanie adresu email. Podanie przez Pa\u0144stwa danych osobowych jest dobrowolne. Uprzedzamy jednak, \u017ce jest ono konieczne dla skorzystania z okre\u015blonych, dost\u0119pnych dla Pa\u0144stwa opcji, z\u0142o\u017cenia zam\u00f3wienia czy korzystania z Platformy, a brak podania tych danych uniemo\u017cliwi skorzystanie z tych funkcjonalno\u015bci.<br \/>\n4. W ka\u017cdej chwili przys\u0142uguje Pa\u0144stwu prawo dost\u0119pu do tre\u015bci swoich danych oraz \u017c\u0105dania ich sprostowania, modyfikacji, usuni\u0119cia lub ograniczenia przetwarzania, jak r\u00f3wnie\u017c prawo do wycofania zgody, wyra\u017cenia sprzeciwu wobec przetwarzania, a tak\u017ce prawo do przenoszenia danych. Ka\u017cde z wymienionych \u017c\u0105da\u0144 mog\u0105 Pa\u0144stwo zg\u0142osi\u0107 w formie pisemnej na adres naszej siedziby oraz drog\u0105 elektroniczn\u0105 na podany wy\u017cej adres e-mail. Zastrzegamy mo\u017cliwo\u015b\u0107 odmowy realizacji zg\u0142oszonego \u017c\u0105dania w przypadku wyst\u0105pienia okoliczno\u015bci przewidzianych prawem.<br \/>\n5. Pa\u0144stwa dane osobowe przetwarzamy w spos\u00f3b poufny, chroni\u0105c je przed dost\u0119pem do nich przez osoby nieuprawnione. Wszelkie zebrane przez nas dane przetwarzamy przez okres niezb\u0119dny dla realizacji celu przetwarzania, kt\u00f3ry okre\u015blili\u015bmy w pkt. 2<br \/>\n6. Informujemy, \u017ce Pa\u0144stwa dane mog\u0105 by\u0107 przekazywane innym podmiotom w drodze zawartej zgodnie z przepisami RODO umowy powierzenia przetwarzania danych osobowych, w zwi\u0105zku z zapewnieniem realizacji cel\u00f3w przetwarzania. Do podmiot\u00f3w tych nale\u017c\u0105 w szczeg\u00f3lno\u015bci: TFB GROUP Sp.z o.o \u015aw. Filipa 23\/4 31-150 Krak\u00f3w \u2013 firma obs\u0142uguj\u0105ca infrastruktur\u0119 informatyczn\u0105. Wszystkie podmioty, kt\u00f3rym powierzamy dane osobowe, zostaj\u0105 przez nas wpisane do prowadzonego rejestru um\u00f3w powierzenia przetwarzania danych osobowych.<br \/>\n7. Poza podmiotami okre\u015blonymi w pkt. 6 Pa\u0144stwa dane mog\u0105 zosta\u0107 ujawnione wy\u0142\u0105cznie osobom i podmiotom na ich prawnie uzasadnione \u017c\u0105danie, zgodnie z obowi\u0105zuj\u0105cymi przepisami o ochronie danych osobowych. Nie ujawniamy \u017cadnych danych, je\u015bli nie jest to niezb\u0119dne dla realizacji prawnie okre\u015blonych cel\u00f3w.<br \/>\n8. Informujemy r\u00f3wnie\u017c o przys\u0142uguj\u0105cym Pa\u0144stwu prawie do wniesienia skargi do organu nadzorczego, je\u015bli Pa\u0144stwa zdaniem przetwarzanie przez nas danych osobowych narusza obowi\u0105zuj\u0105ce przepisy o ochronie danych osobowych. Zach\u0119camy jednak do uprzedniego skontaktowania z nami w celu wyja\u015bnienia wszelkich w\u0105tpliwo\u015bci i nieporozumie\u0144.<\/p>\n<h2>Jak dbamy o Pa\u0144stwa dane<\/h2>\n<p>III. Bezpiecze\u0144stwo danych<\/p>\n<p align=\"justify\">1. Przy przetwarzaniu przez Pa\u0144stwa danych osobowych oraz innych tre\u015bci poprzez nasze do\u015bwiadczenie, wiedz\u0119 fachow\u0105 oraz infrastruktur\u0119 techniczn\u0105 zapewniamy gwarancj\u0119 bezpiecze\u0144stwa przetwarzanych danych, zgodnie z obowi\u0105zuj\u0105cymi przepisami prawa, w tym art. 32 RODO.<br \/>\n2. Serwery zapewniaj\u0105ce funkcjonowanie Serwisu chronione s\u0105 systemami antywirusowymi.<br \/>\n3. Nad stosowaniem \u015brodk\u00f3w technicznych zabezpieczaj\u0105cych Pa\u0144stwa dane czuwa powo\u0142any przez nas Administrator Systemu Informatycznego\/ Zesp\u00f3\u0142 IT.<br \/>\n4. Prosimy pami\u0119ta\u0107, \u017ce w przypadku opublikowania komentarza na blogu Serwisu b\u0105d\u017a innej stronie Serwisu umo\u017cliwiaj\u0105cej pozostawienie komentarza, wszelkie udost\u0119pnione informacje b\u0119d\u0105 widoczne dla pozosta\u0142ych u\u017cytkownik\u00f3w Serwisu. Osoby te mog\u0105 czyta\u0107, zbiera\u0107 i wykorzystywa\u0107 takie informacje, w tym Pa\u0144stwa dane osobowe, je\u015bli zostan\u0105 przez Pa\u0144stwa udost\u0119pnione. To Pa\u0144stwo ponosz\u0105 odpowiedzialno\u015b\u0107 za tre\u015bci pozostawione w naszym Serwisie, dlatego prosimy o rozwa\u017cne korzystanie z funkcji Serwisu.<\/p>\n<h2>Cookies<\/h2>\n<p>IV. Pliki \u201ecookies\u201d \u2013 informacje og\u00f3lne\n<\/p>\n<p align=\"justify\">1. Informujemy Pa\u0144stwa o wykorzystywaniu przez nas plik\u00f3w \u201ecookies\u201d (tzw. \u201eciasteczek\u201d), kt\u00f3re mog\u0105 by\u0107 przechowywane na Pa\u0144stwa komputerze, tablecie, smartfonie i innym urz\u0105dzeniu ko\u0144cowym oraz odczytywane przez nasz system teleinformatyczny.<br \/>\n2. Wykorzystywanie plik\u00f3w \u201ecookies\u201d ma na celu zapewnienie prawid\u0142owego wy\u015bwietlania Pa\u0144stwu tre\u015bci Serwisu, optymalizacj\u0119 korzystania z Serwisu, utrzymanie sesji po zalogowaniu do Platformy, jak r\u00f3wnie\u017c jest niezb\u0119dne dla cel\u00f3w statystycznych i prowadzenia dzia\u0142a\u0144 remarketingowych. Przy stosowaniu plik\u00f3w \u201ecookies\u201d b\u0119dziemy korzysta\u0107 z profesjonalnego podmiotu umo\u017cliwiaj\u0105cego nam takie dzia\u0142anie.<br \/>\n3. Pliki \u201ecookies\u201d mog\u0105 by\u0107 wykorzystywane r\u00f3wnie\u017c przez podmioty wsp\u00f3\u0142pracuj\u0105ce z nami w zakresie reklamy i marketingu.<br \/>\n4. Pliki \u201ecookies\u201d nie s\u0105 po\u0142\u0105czone z Pa\u0144stwa danymi osobowymi, dzi\u0119ki kt\u00f3rym mo\u017cliwa by by\u0142a Pa\u0144stwa identyfikacja.<br \/>\n5. Informacja o wykorzystywaniu plik\u00f3w \u201ecookies\u201d pojawia si\u0119 przy uruchomieniu Serwisu na g\u00f3rze strony. Korzystaj\u0105c z Serwisu, wyra\u017caj\u0105 Pa\u0144stwo zgod\u0119 na ich stosowanie.<br \/>\n6. Informujemy Pa\u0144stwa o mo\u017cliwo\u015bci skonfigurowania przegl\u0105darki internetowej w taki spos\u00f3b, aby niemo\u017cliwe by\u0142o przechowywanie plik\u00f3w \u201ecookies\u201d na Pa\u0144stwa urz\u0105dzeniu. Informujemy przy tym, \u017ce decyduj\u0105c si\u0119 na taki krok dopuszczaj\u0105 Pa\u0144stwo mo\u017cliwo\u015b\u0107 wy\u015bwietlania si\u0119 Serwisu w spos\u00f3b nieprawid\u0142owy, za co nie ponosimy odpowiedzialno\u015bci.<br \/>\n7. Pliki \u201ecookies\u201d mog\u0105 by\u0107 przez Pa\u0144stwa usuni\u0119te z Pa\u0144stwa urz\u0105dzenia w ka\u017cdym czasie przy zastosowaniu odpowiednich opcji przegl\u0105darki lub narz\u0119dzi programowych.<\/p>\n<p>V. Pliki cookies \u2013 dotyczy Platformy<\/p>\n<p align=\"justify\">1. W zwi\u0105zku z korzystaniem z Platformy, zbieramy nast\u0119puj\u0105ce dane: informacje o rozpocz\u0119ciu, zako\u0144czeniu oraz zakresie ka\u017cdorazowego korzystania z us\u0142ugi \u015bwiadczonej drog\u0105 elektroniczn\u0105, informacje o skorzystaniu z us\u0142ugi, oznaczenia identyfikuj\u0105ce Pa\u0144stwa w systemie informatycznym nadawane na podstawie danych podanych przez Pa\u0144stwa, oznaczenia identyfikuj\u0105ce zako\u0144czenie sieci telekomunikacyjnej lub system teleinformatyczny, z kt\u00f3rego Pa\u0144stwo korzystaj\u0105 \u0142\u0105cz\u0105c si\u0119 z Platform\u0105 (IP, nazwa domeny, typ przegl\u0105darki, typ systemu operacyjnego).<br \/>\n2. Pliki cookies wykorzystywane s\u0105 w celu:<br \/>\na) dostosowania zawarto\u015bci Platformy do Pa\u0144stwa preferencji oraz optymalizacji korzystania z Platformy; w szczeg\u00f3lno\u015bci pliki te pozwalaj\u0105 rozpozna\u0107 Pa\u0144stwa urz\u0105dzenie i odpowiednio wy\u015bwietli\u0107 stron\u0119 internetow\u0105, dostosowan\u0105 do jego indywidualnych potrzeb;<br \/>\nb) tworzenia statystyk, kt\u00f3re pomagaj\u0105 zrozumie\u0107, w jaki spos\u00f3b korzysta si\u0119 z Platformy, co umo\u017cliwia ulepszanie jej struktury i zawarto\u015bci,<br \/>\nc) utrzymanie sesji pomiot\u00f3w korzystaj\u0105cych z Platformy (po zalogowaniu).<br \/>\n3. W ramach Platformy stosowane s\u0105 dwa zasadnicze rodzaje plik\u00f3w cookies: \u201esesyjne\u201d (session cookies) oraz \u201esta\u0142e\u201d ( persistent cookies). Cookies \u201esesyjne\u201d s\u0105 plikami tymczasowymi, kt\u00f3re przechowywane s\u0105 w urz\u0105dzeniu ko\u0144cowym do czasu wylogowania, opuszczenia strony internetowej lub wy\u0142\u0105czenia oprogramowania (przegl\u0105darki internetowej). \u201eSta\u0142e\u201d pliki cookies przechowywane s\u0105 w urz\u0105dzeniu ko\u0144cowym przez czas okre\u015blony w parametrach plik\u00f3w cookies lub do czasu ich usuni\u0119cia przez Pa\u0144stwa.<br \/>\n4. W ramach Platformy stosowane s\u0105 nast\u0119puj\u0105ce rodzaje plik\u00f3w cookies:<br \/>\na) \u201eniezb\u0119dne\u201d pliki cookies, umo\u017cliwiaj\u0105ce korzystanie z us\u0142ug dost\u0119pnych w ramach Platformy, np. uwierzytelniaj\u0105ce pliki cookies wykorzystywane do us\u0142ug wymagaj\u0105cych uwierzytelniania w ramach Platformy,<br \/>\nb) pliki cookies s\u0142u\u017c\u0105ce do zapewnienia bezpiecze\u0144stwa, np. wykorzystywane do wykrywania nadu\u017cy\u0107 w zakresie uwierzytelniania w ramach Platformy,<br \/>\nc) \u201ewydajno\u015bciowe\u201d pliki cookies, umo\u017cliwiaj\u0105ce zbieranie informacji o sposobie korzystania ze stron internetowych Platformy,<br \/>\nd) \u201efunkcjonalne\u201d pliki cookies, umo\u017cliwiaj\u0105ce \u201ezapami\u0119tanie\u201d wybranych przez podmiot korzystaj\u0105cy z Platformy, ustawie\u0144 i personalizacj\u0119 interfejsu, np. w zakresie wybranego j\u0119zyka lub regionu, rozmiaru czcionki, wygl\u0105du strony internetowej itp.,<br \/>\ne) \u201ereklamowe\u201d pliki cookies, nale\u017c\u0105ce do podmiot\u00f3w zewn\u0119trznych umo\u017cliwiaj\u0105ce dostarczanie Pa\u0144stwu tre\u015bci reklamowych bardziej dostosowanych do ich zainteresowa\u0144 na podstawie Pa\u0144stwa historii odwiedzin,<br \/>\n5. Pliki cookies zamieszczane w Pa\u0144stwa urz\u0105dzeniu ko\u0144cowym wykorzystywane mog\u0105 by\u0107 r\u00f3wnie\u017c przez wsp\u00f3\u0142pracuj\u0105cych z podmiotem udost\u0119pniaj\u0105cym Platform\u0119 reklamodawc\u00f3w oraz partner\u00f3w. 6. Informujemy Pa\u0144stwa o mo\u017cliwo\u015bci skonfigurowania przegl\u0105darki internetowej w taki spos\u00f3b, aby niemo\u017cliwe by\u0142o przechowywanie plik\u00f3w \u201ecookies\u201d na Pa\u0144stwa urz\u0105dzeniu. Informujemy przy tym, \u017ce decyduj\u0105c si\u0119 na taki krok dopuszczaj\u0105 Pa\u0144stwo mo\u017cliwo\u015b\u0107 wy\u015bwietlania si\u0119 Serwisu w spos\u00f3b nieprawid\u0142owy, za co nie ponosimy odpowiedzialno\u015bci.<br \/>\n7. Pliki \u201ecookies\u201d mog\u0105 by\u0107 przez Pa\u0144stwa usuni\u0119te z Pa\u0144stwa urz\u0105dzenia w ka\u017cdym czasie przy zastosowaniu odpowiednich opcji przegl\u0105darki lub narz\u0119dzi programowych.<\/p>\n<h2>Stosowane technologie<\/h2>\n<p>VI. Inne stosowane technologie<\/p>\n<p align=\"justify\">1. Informujemy Pa\u0144stwa o stosowaniu przez nas technologii \u015bledz\u0105cych dzia\u0142ania, kt\u00f3re s\u0105 przez Pa\u0144stwa podejmowane w ramach korzystania z Serwisu. Technologie te s\u0105 stosowane w celach statystycznych oraz prowadzenia dzia\u0142a\u0144 remarketingowych.<br \/>\n2. W szczeg\u00f3lno\u015bci stosujemy:<br \/>\na) kod \u015bledzenia Google Analytics;<br \/>\nb) narz\u0119dzia do oceny efektywno\u015bci kampanii reklamowych portali spo\u0142eczno\u015bciowych i serwis\u00f3w internetowych (Facebook Ads)<br \/>\n3. Korzystanie z opisanych technologii nie jest zwi\u0105zane z Pa\u0144stwa danymi osobowymi, kt\u00f3re s\u0105 lub mog\u0105 by\u0107 przez nas przetwarzane. Wszelkie dane zebrane w ramach wykorzystania tych technologii s\u0105 anonimowe, a korzystaj\u0105c z Serwisu maj\u0105 Pa\u0144stwo \u015bwiadomo\u015b\u0107 ich przekazywania.<\/p>\n<p>VII. Logi serwera\n<\/p>\n<p align=\"justify\">1. Podobnie jak wi\u0119kszo\u015b\u0107 administrator\u00f3w stron internetowych zbieramy okre\u015blone dane w ramach log\u00f3w serwera, na kt\u00f3rym funkcjonuje Serwis. Oznacza to, \u017ce korzystanie z Serwisu wi\u0105\u017ce si\u0119 z przesy\u0142aniem do serwera informacji, kt\u00f3re s\u0105 zapisywane w logach tego serwera. Informacje te obejmuj\u0105 m.in.: adres IP, kt\u00f3ry wykorzystuje Pa\u0144stwa urz\u0105dzenie, dat\u0119 i czas serwera, nazwa przegl\u0105darki internetowej oraz nazwa systemu operacyjnego urz\u0105dzenia, z kt\u00f3rego Pa\u0144stwo korzystaj\u0105.<br \/>\n2. Logi s\u0105 zapisywane i przechowywane na serwerze, na kt\u00f3rym funkcjonuje Serwis, w celach technicznych, zwi\u0105zanych z administrowaniem serwera, oraz statystycznych.<br \/>\n3. Logi stanowi\u0105 jedynie informacje o charakterze pomocniczym dla administrowania Serwisem. Nie s\u0105 one ujawniane \u017cadnym osobom ani podmiotom, z wyj\u0105tkiem os\u00f3b upowa\u017cnionych do administrowania serwerem.<br \/>\n4. Dane zawarte w logach serwera nie s\u0105 powi\u0105zane z Pa\u0144stwa danymi osobowymi, kt\u00f3re s\u0105 lub mog\u0105 by\u0107 przez nas przetwarzane, jak r\u00f3wnie\u017c nie s\u0105 przez nas zbierane ani wykorzystywane w celu Pa\u0144stwa identyfikacji.<\/p>\n<h2>Przekierowania<\/h2>\n<p>VIII. Przekierowania do innych stron internetowych\n<\/p>\n<p align=\"justify\">W naszym Serwisie mog\u0105 Pa\u0144stwo trafi\u0107 na linki prowadz\u0105ce do innych stron internetowych, zw\u0142aszcza tych, kt\u00f3re nie s\u0105 przez nas administrowane. Przekierowanie na inn\u0105 stron\u0119 internetow\u0105 wi\u0105\u017ce si\u0119 z opuszczeniem naszego Serwisu. Nie odpowiadamy za tre\u015bci udost\u0119pnione na takich stronach, jak r\u00f3wnie\u017c za stosowan\u0105 na nich polityk\u0119 prywatno\u015bci i ochron\u0119 danych osobowych.<\/p>\n<h2>Zmiany<\/h2>\n<p>IX. Zmiany Polityki prywatno\u015bci\n<\/p>\n<p align=\"justify\">W zwi\u0105zku z rozwojem technologii, planowaniem lub realizacj\u0105 zmian w funkcjonalno\u015bci naszego Serwisu, jak r\u00f3wnie\u017c zmieniaj\u0105cymi si\u0119 przepisami prawnymi o ochronie danych osobowych oraz e-privacy, zastrzegamy sobie mo\u017cliwo\u015b\u0107 zmiany niniejszej Polityki prywatno\u015bci. O wszelkich zmianach b\u0119d\u0105 Pa\u0144stwo informowani na stronie internetowej naszego Serwisu.<\/p>\n<p>Adres strony internetowej to: http:\/\/meblemedyczne.com.pl.<\/p>\n<h3><\/h3><\/p>\n ","protected":false},"excerpt":{"rendered":"<p>Polityka prywatno\u015bci \u2013 meblemedyczne.com.pl Kim jeste\u015bmy Adres naszej strony internetowej to: http:\/\/meblemedyczne.com.pl. I. Informacje og\u00f3lne 1. Niniejsza Polityka prywatno\u015bci zosta\u0142a przygotowana w celu poinformowania Pa\u0144stwa jako U\u017cytkownik\u00f3w Serwisu o zasadach przetwarzania i bezpiecze\u0144stwa przekazanych przez Pa\u0144stwa danych osobowych oraz tre\u015bci (w tym plik\u00f3w \u201ecookies\u201d) w zwi\u0105zku z korzystani\/em z naszego Serwisu. 2. Dzia\u0142aj\u0105c jako Carolco [&hellip;]<\/p>\n","protected":false},"author":1,"featured_media":0,"parent":0,"menu_order":0,"comment_status":"closed","ping_status":"closed","template":"","meta":{"_exactmetrics_skip_tracking":false,"_exactmetrics_sitenote_active":false,"_exactmetrics_sitenote_note":"","_exactmetrics_sitenote_category":0,"_monsterinsights_skip_tracking":false,"_monsterinsights_sitenote_active":false,"_monsterinsights_sitenote_note":"","_monsterinsights_sitenote_category":0,"footnotes":""},"class_list":["post-256","page","type-page","status-publish","hentry"],"aioseo_notices":[],"_links":{"self":[{"href":"https:\/\/meblemedyczne.com.pl\/index.php?rest_route=\/wp\/v2\/pages\/256","targetHints":{"allow":["GET"]}}],"collection":[{"href":"https:\/\/meblemedyczne.com.pl\/index.php?rest_route=\/wp\/v2\/pages"}],"about":[{"href":"https:\/\/meblemedyczne.com.pl\/index.php?rest_route=\/wp\/v2\/types\/page"}],"author":[{"embeddable":true,"href":"https:\/\/meblemedyczne.com.pl\/index.php?rest_route=\/wp\/v2\/users\/1"}],"replies":[{"embeddable":true,"href":"https:\/\/meblemedyczne.com.pl\/index.php?rest_route=%2Fwp%2Fv2%2Fcomments&post=256"}],"version-history":[{"count":7,"href":"https:\/\/meblemedyczne.com.pl\/index.php?rest_route=\/wp\/v2\/pages\/256\/revisions"}],"predecessor-version":[{"id":264,"href":"https:\/\/meblemedyczne.com.pl\/index.php?rest_route=\/wp\/v2\/pages\/256\/revisions\/264"}],"wp:attachment":[{"href":"https:\/\/meblemedyczne.com.pl\/index.php?rest_route=%2Fwp%2Fv2%2Fmedia&parent=256"}],"curies":[{"name":"wp","href":"https:\/\/api.w.org\/{rel}","templated":true}]}}