{"id":2,"date":"2017-09-26T01:37:24","date_gmt":"2017-09-26T01:37:24","guid":{"rendered":"http:\/\/meblemedyczne.com.pl\/?page_id=2"},"modified":"2018-11-06T02:08:12","modified_gmt":"2018-11-06T02:08:12","slug":"about","status":"publish","type":"page","link":"https:\/\/meblemedyczne.com.pl\/?page_id=2","title":{"rendered":"O czym jest ten blog?"},"content":{"rendered":"<p align=\"justify\"><a href=\"http:\/\/meblemedyczne.com.pl\/wp-content\/uploads\/2018\/11\/Ludzie-kt\u00f3rych-kochamy-zostaj\u0105-na-zawsze-bo-zostawili-\u015blady-w-naszych-sercach.Jeste\u015bmy-z-Tob\u0105-przyjaciele-1.jpg\"><img loading=\"lazy\" decoding=\"async\" class=\"alignnone size-full wp-image-402\" src=\"http:\/\/meblemedyczne.com.pl\/wp-content\/uploads\/2018\/11\/Ludzie-kt\u00f3rych-kochamy-zostaj\u0105-na-zawsze-bo-zostawili-\u015blady-w-naszych-sercach.Jeste\u015bmy-z-Tob\u0105-przyjaciele-1.jpg\" alt=\"\" width=\"940\" height=\"788\" srcset=\"https:\/\/meblemedyczne.com.pl\/wp-content\/uploads\/2018\/11\/Ludzie-kt\u00f3rych-kochamy-zostaj\u0105-na-zawsze-bo-zostawili-\u015blady-w-naszych-sercach.Jeste\u015bmy-z-Tob\u0105-przyjaciele-1.jpg 940w, https:\/\/meblemedyczne.com.pl\/wp-content\/uploads\/2018\/11\/Ludzie-kt\u00f3rych-kochamy-zostaj\u0105-na-zawsze-bo-zostawili-\u015blady-w-naszych-sercach.Jeste\u015bmy-z-Tob\u0105-przyjaciele-1-300x251.jpg 300w, https:\/\/meblemedyczne.com.pl\/wp-content\/uploads\/2018\/11\/Ludzie-kt\u00f3rych-kochamy-zostaj\u0105-na-zawsze-bo-zostawili-\u015blady-w-naszych-sercach.Jeste\u015bmy-z-Tob\u0105-przyjaciele-1-768x644.jpg 768w\" sizes=\"auto, (max-width: 940px) 100vw, 940px\" \/><\/a><\/p>\n<p align=\"justify\">Chc\u0119 tutaj zajmowa\u0107 si\u0119 szeroko poj\u0119tym wyposa\u017ceniem medycznym i logistyk\u0105 szpitaln\u0105. Moim celem jest promowanie bezpiecznych rozwi\u0105za\u0144 w zakresie wyposa\u017cenia niespecjalistycznego. Rozw\u00f3j technologii medycznych b\u0119d\u0105cy odpowiedzi\u0105 na wsp\u00f3\u0142czesne potrzeby podnosi poprzeczk\u0119 standardu diagnozowania i leczenia ludzi. Nast\u0119puje nieustanne doskonalenie proces\u00f3w w szpitalach, podlegaj\u0105ce coraz bardziej rygorystycznym wymaganiom. Ale czy we wszystkich obszarach? Czy mo\u017cna leczy\u0107 nowocze\u015bnie i skutecznie zaniedbuj\u0105c inne sprawy? Czy to na prawd\u0119 zaniedbanie czy brak mo\u017cliwo\u015bci poszerzenia wiedzy w tym zakresie. Ka\u017cdy proces w szpitalu jest powi\u0105zany z innymi i musi wsp\u00f3\u0142zale\u017cny. Gdzie szuka\u0107 rzetelnych odpowiedzi? Czy dzia\u0142y zam\u00f3wie\u0144 bior\u0105ce na siebie tak\u0105 odpowiedzialno\u015b\u0107 s\u0105 do tego przygotowane? Odpowiedzi na te i inne pytania maj\u0105ce wp\u0142yw na skuteczno\u015b\u0107 leczenia b\u0119d\u0105 przedmiotem zainteresowania tw\u00f3rc\u00f3w tego bloga.<\/p>\n<p align=\"justify\">\n ","protected":false},"excerpt":{"rendered":"<p>Chc\u0119 tutaj zajmowa\u0107 si\u0119 szeroko poj\u0119tym wyposa\u017ceniem medycznym i logistyk\u0105 szpitaln\u0105. Moim celem jest promowanie bezpiecznych rozwi\u0105za\u0144 w zakresie wyposa\u017cenia niespecjalistycznego. Rozw\u00f3j technologii medycznych b\u0119d\u0105cy odpowiedzi\u0105 na wsp\u00f3\u0142czesne potrzeby podnosi poprzeczk\u0119 standardu diagnozowania i leczenia ludzi. Nast\u0119puje nieustanne doskonalenie proces\u00f3w w szpitalach, podlegaj\u0105ce coraz bardziej rygorystycznym wymaganiom. Ale czy we wszystkich obszarach? Czy mo\u017cna leczy\u0107 [&hellip;]<\/p>\n","protected":false},"author":1,"featured_media":0,"parent":0,"menu_order":0,"comment_status":"open","ping_status":"open","template":"","meta":{"_exactmetrics_skip_tracking":false,"_exactmetrics_sitenote_active":false,"_exactmetrics_sitenote_note":"","_exactmetrics_sitenote_category":0,"_monsterinsights_skip_tracking":false,"_monsterinsights_sitenote_active":false,"_monsterinsights_sitenote_note":"","_monsterinsights_sitenote_category":0,"footnotes":""},"class_list":["post-2","page","type-page","status-publish","hentry"],"aioseo_notices":[],"_links":{"self":[{"href":"https:\/\/meblemedyczne.com.pl\/index.php?rest_route=\/wp\/v2\/pages\/2","targetHints":{"allow":["GET"]}}],"collection":[{"href":"https:\/\/meblemedyczne.com.pl\/index.php?rest_route=\/wp\/v2\/pages"}],"about":[{"href":"https:\/\/meblemedyczne.com.pl\/index.php?rest_route=\/wp\/v2\/types\/page"}],"author":[{"embeddable":true,"href":"https:\/\/meblemedyczne.com.pl\/index.php?rest_route=\/wp\/v2\/users\/1"}],"replies":[{"embeddable":true,"href":"https:\/\/meblemedyczne.com.pl\/index.php?rest_route=%2Fwp%2Fv2%2Fcomments&post=2"}],"version-history":[{"count":16,"href":"https:\/\/meblemedyczne.com.pl\/index.php?rest_route=\/wp\/v2\/pages\/2\/revisions"}],"predecessor-version":[{"id":405,"href":"https:\/\/meblemedyczne.com.pl\/index.php?rest_route=\/wp\/v2\/pages\/2\/revisions\/405"}],"wp:attachment":[{"href":"https:\/\/meblemedyczne.com.pl\/index.php?rest_route=%2Fwp%2Fv2%2Fmedia&parent=2"}],"curies":[{"name":"wp","href":"https:\/\/api.w.org\/{rel}","templated":true}]}}